{"id":646,"date":"2019-04-15T20:29:15","date_gmt":"2019-04-15T20:29:15","guid":{"rendered":"http:\/\/maxlimpadm.com.br\/?post_type=product&#038;p=646"},"modified":"2025-05-04T04:06:44","modified_gmt":"2025-05-04T04:06:44","slug":"recepcionista","status":"publish","type":"product","link":"https:\/\/maxlimpadm.com.br\/index.php\/product\/recepcionista\/","title":{"rendered":"Para sua Empresa"},"content":{"rendered":"<p>Recepciona clientes e visitantes de um estabelecimento, procurando identific\u00e1-los, averiguando suas pretens\u00f5es para prestar-lhes informa\u00e7\u00f5es, marcar entrevistas, receber recados e encaminh\u00e1-los a pessoas ou setores procurados.<\/p>\n","protected":false},"excerpt":{"rendered":"<p>Recepciona clientes e visitantes de um estabelecimento, procurando identific\u00e1-los, averiguando suas pretens\u00f5es para prestar-lhes informa\u00e7\u00f5es, marcar entrevistas, receber recados e encaminh\u00e1-los a pessoas ou setores procurados.<\/p>\n","protected":false},"featured_media":884,"comment_status":"open","ping_status":"closed","template":"","meta":{"_joinchat":[]},"product_cat":[33],"product_tag":[],"_links":{"self":[{"href":"https:\/\/maxlimpadm.com.br\/index.php\/wp-json\/wp\/v2\/product\/646"}],"collection":[{"href":"https:\/\/maxlimpadm.com.br\/index.php\/wp-json\/wp\/v2\/product"}],"about":[{"href":"https:\/\/maxlimpadm.com.br\/index.php\/wp-json\/wp\/v2\/types\/product"}],"replies":[{"embeddable":true,"href":"https:\/\/maxlimpadm.com.br\/index.php\/wp-json\/wp\/v2\/comments?post=646"}],"wp:featuredmedia":[{"embeddable":true,"href":"https:\/\/maxlimpadm.com.br\/index.php\/wp-json\/wp\/v2\/media\/884"}],"wp:attachment":[{"href":"https:\/\/maxlimpadm.com.br\/index.php\/wp-json\/wp\/v2\/media?parent=646"}],"wp:term":[{"taxonomy":"product_cat","embeddable":true,"href":"https:\/\/maxlimpadm.com.br\/index.php\/wp-json\/wp\/v2\/product_cat?post=646"},{"taxonomy":"product_tag","embeddable":true,"href":"https:\/\/maxlimpadm.com.br\/index.php\/wp-json\/wp\/v2\/product_tag?post=646"}],"curies":[{"name":"wp","href":"https:\/\/api.w.org\/{rel}","templated":true}]}}