{"id":8,"date":"2018-12-30T21:45:52","date_gmt":"2018-12-30T21:45:52","guid":{"rendered":"http:\/\/maxlimpadm.com.br\/?page_id=8"},"modified":"2018-12-30T21:45:52","modified_gmt":"2018-12-30T21:45:52","slug":"quem-somos","status":"publish","type":"page","link":"https:\/\/maxlimpadm.com.br\/index.php\/quem-somos\/","title":{"rendered":"Quem Somos"},"content":{"rendered":"<p>Nossa Empresa \u00e9 especializada no segmento de presta\u00e7\u00e3o de servi\u00e7os gerais e terceiriza\u00e7\u00e3o de m\u00e3o de obra nas \u00e1reas de limpeza, conserva\u00e7\u00e3o, portaria, recepcionista, entre outras.<\/p>\n<p>O nome da empresa foi determinado em fun\u00e7\u00e3o da vis\u00e3o empresarial e da necessidade de um objetivo a ser alcan\u00e7ado, ou seja, em constituir uma empresa s\u00f3lida, \u00e9tica, coerente e com servi\u00e7os de qualidade em um prazo pr\u00e9-estabelecido.<\/p>\n","protected":false},"excerpt":{"rendered":"<p>Nossa Empresa \u00e9 especializada no segmento de presta\u00e7\u00e3o de servi\u00e7os gerais e terceiriza\u00e7\u00e3o de m\u00e3o de obra nas \u00e1reas de limpeza, conserva\u00e7\u00e3o, portaria, recepcionista, entre outras. O nome da empresa foi determinado em fun\u00e7\u00e3o da vis\u00e3o empresarial e da necessidade de um objetivo a ser alcan\u00e7ado, ou seja, em constituir uma empresa s\u00f3lida, \u00e9tica, coerente [&hellip;]\n","protected":false},"author":1,"featured_media":0,"parent":0,"menu_order":0,"comment_status":"closed","ping_status":"closed","template":"page-templates\/full-width.php","meta":{"footnotes":"","_joinchat":[]},"_links":{"self":[{"href":"https:\/\/maxlimpadm.com.br\/index.php\/wp-json\/wp\/v2\/pages\/8"}],"collection":[{"href":"https:\/\/maxlimpadm.com.br\/index.php\/wp-json\/wp\/v2\/pages"}],"about":[{"href":"https:\/\/maxlimpadm.com.br\/index.php\/wp-json\/wp\/v2\/types\/page"}],"author":[{"embeddable":true,"href":"https:\/\/maxlimpadm.com.br\/index.php\/wp-json\/wp\/v2\/users\/1"}],"replies":[{"embeddable":true,"href":"https:\/\/maxlimpadm.com.br\/index.php\/wp-json\/wp\/v2\/comments?post=8"}],"version-history":[{"count":1,"href":"https:\/\/maxlimpadm.com.br\/index.php\/wp-json\/wp\/v2\/pages\/8\/revisions"}],"predecessor-version":[{"id":9,"href":"https:\/\/maxlimpadm.com.br\/index.php\/wp-json\/wp\/v2\/pages\/8\/revisions\/9"}],"wp:attachment":[{"href":"https:\/\/maxlimpadm.com.br\/index.php\/wp-json\/wp\/v2\/media?parent=8"}],"curies":[{"name":"wp","href":"https:\/\/api.w.org\/{rel}","templated":true}]}}