{"id":529,"date":"2018-12-30T22:52:36","date_gmt":"2018-12-30T22:52:36","guid":{"rendered":"http:\/\/maxlimpadm.com.br\/?page_id=529"},"modified":"2020-09-29T13:40:18","modified_gmt":"2020-09-29T13:40:18","slug":"contatos","status":"publish","type":"page","link":"https:\/\/maxlimpadm.com.br\/index.php\/contatos\/","title":{"rendered":"Contatos"},"content":{"rendered":"<div id=\"pl-529\" class=\"panel-layout\">\n<div id=\"pg-529-0\" class=\"panel-grid panel-no-style\" data-style=\"{&quot;background_image_attachment&quot;:false,&quot;background_display&quot;:&quot;tile&quot;,&quot;cell_alignment&quot;:&quot;flex-start&quot;}\">\n<div id=\"pgc-529-0-0\" class=\"panel-grid-cell\" data-weight=\"0.5\">\n<div id=\"panel-529-0-0-0\" class=\"so-panel widget widget_text panel-first-child panel-last-child\" data-index=\"0\" data-style=\"{&quot;background_image_attachment&quot;:false,&quot;background_display&quot;:&quot;tile&quot;}\">\n<div class=\"textwidget\"><\/div>\n<p><\/p>\n<\/div>\n<\/div>\n<div id=\"pgc-529-0-1\" class=\"panel-grid-cell\" data-weight=\"0.5\">\n<div id=\"panel-529-0-1-0\" class=\"so-panel widget widget_text panel-first-child panel-last-child\" data-index=\"1\" data-style=\"{&quot;background_image_attachment&quot;:false,&quot;background_display&quot;:&quot;tile&quot;}\">\n<h3 class=\"widget-title\">NOSSA LOCALIZA\u00c7\u00c3O<\/h3>\n<div class=\"textwidget\">\n<p>Rua Maraj\u00f3 qd. 232 lt.14 casa 03, Pq. Amaz\u00f4nia<br>\nGoi\u00e2nia, GO<br>\nCEP:74835-230<br>\nTel: 62 3259-9664<br>\nBrasil<\/p>\n<\/div>\n<\/div>\n<\/div>\n<\/div>\n<\/div>\n\n\n<figure><iframe loading=\"lazy\" src=\"https:\/\/www.google.com\/maps\/embed?pb=!1m14!1m8!1m3!1d15284.278481579548!2d-49.2765747!3d-16.7233777!3m2!1i1024!2i768!4f13.1!3m3!1m2!1s0x0%3A0xfaf85f9e60e8b71d!2sMax%20Limp%20Administradora!5e0!3m2!1spt-BR!2sbr!4v1601386478768!5m2!1spt-BR!2sbr\" width=\"1200\" height=\"400\" ><\/iframe><\/figure>\n","protected":false},"excerpt":{"rendered":"<p>NOSSA LOCALIZA\u00c7\u00c3O Rua Maraj\u00f3 qd. 232 lt.14 casa 03, Pq. Amaz\u00f4nia Goi\u00e2nia, GO CEP:74835-230 Tel: 62 3259-9664 Brasil<\/p>\n","protected":false},"author":1,"featured_media":0,"parent":0,"menu_order":0,"comment_status":"closed","ping_status":"closed","template":"","meta":{"footnotes":"","_joinchat":[]},"_links":{"self":[{"href":"https:\/\/maxlimpadm.com.br\/index.php\/wp-json\/wp\/v2\/pages\/529"}],"collection":[{"href":"https:\/\/maxlimpadm.com.br\/index.php\/wp-json\/wp\/v2\/pages"}],"about":[{"href":"https:\/\/maxlimpadm.com.br\/index.php\/wp-json\/wp\/v2\/types\/page"}],"author":[{"embeddable":true,"href":"https:\/\/maxlimpadm.com.br\/index.php\/wp-json\/wp\/v2\/users\/1"}],"replies":[{"embeddable":true,"href":"https:\/\/maxlimpadm.com.br\/index.php\/wp-json\/wp\/v2\/comments?post=529"}],"version-history":[{"count":4,"href":"https:\/\/maxlimpadm.com.br\/index.php\/wp-json\/wp\/v2\/pages\/529\/revisions"}],"predecessor-version":[{"id":879,"href":"https:\/\/maxlimpadm.com.br\/index.php\/wp-json\/wp\/v2\/pages\/529\/revisions\/879"}],"wp:attachment":[{"href":"https:\/\/maxlimpadm.com.br\/index.php\/wp-json\/wp\/v2\/media?parent=529"}],"curies":[{"name":"wp","href":"https:\/\/api.w.org\/{rel}","templated":true}]}}