{"id":11,"date":"2018-12-30T21:48:36","date_gmt":"2018-12-30T21:48:36","guid":{"rendered":"http:\/\/maxlimpadm.com.br\/?page_id=11"},"modified":"2018-12-30T21:48:36","modified_gmt":"2018-12-30T21:48:36","slug":"servicos","status":"publish","type":"page","link":"https:\/\/maxlimpadm.com.br\/index.php\/servicos\/","title":{"rendered":"Servi\u00e7os"},"content":{"rendered":"<p>Limpeza e Conserva\u00e7\u00e3o<\/p>\n<p>Os profissionais de servi\u00e7os gerais e limpeza, s\u00e3o recrutados e treinados a exercerem suas atividades laborais com perfei\u00e7\u00e3o e a m\u00e1xima efici\u00eancia. S\u00e3o orientados quanto a aplica\u00e7\u00e3o de produtos de limpeza profissional, utiliza\u00e7\u00e3o de equipamentos industriais, preven\u00e7\u00e3o de acidentes de trabalho e a utiliza\u00e7\u00e3o de Check List na otimiza\u00e7\u00e3o dos resultados, ou seja, ambientes sempre limpos e higienizados, com o m\u00ednimo de desperdi\u00e7o (\u00e1gua, energia el\u00e9trica, produto e tempo).<\/p>\n<p>Portaria e Vigia<\/p>\n<p>Os profissionais de portaria s\u00e3o sujeitos a uma triagem criteriosa no mercado (recrutamento, sele\u00e7\u00e3o e testes diversos aplicados por profissional de psicologia habilitado), onde posteriormente s\u00e3o treinados e capacitado especialmente para o cliente.<\/p>\n<p>M\u00e3o de obra em geral<\/p>\n<p>Jardineiros, Vigias, Zeladores, Telefonistas, Movimentadores de Carga, Recepcionistas, Copeiras e outros.<\/p>\n","protected":false},"excerpt":{"rendered":"<p>Limpeza e Conserva\u00e7\u00e3o Os profissionais de servi\u00e7os gerais e limpeza, s\u00e3o recrutados e treinados a exercerem suas atividades laborais com perfei\u00e7\u00e3o e a m\u00e1xima efici\u00eancia. S\u00e3o orientados quanto a aplica\u00e7\u00e3o de produtos de limpeza profissional, utiliza\u00e7\u00e3o de equipamentos industriais, preven\u00e7\u00e3o de acidentes de trabalho e a utiliza\u00e7\u00e3o de Check List na otimiza\u00e7\u00e3o dos resultados, ou [&hellip;]\n","protected":false},"author":1,"featured_media":0,"parent":0,"menu_order":0,"comment_status":"closed","ping_status":"closed","template":"page-templates\/full-width.php","meta":{"footnotes":"","_joinchat":[]},"_links":{"self":[{"href":"https:\/\/maxlimpadm.com.br\/index.php\/wp-json\/wp\/v2\/pages\/11"}],"collection":[{"href":"https:\/\/maxlimpadm.com.br\/index.php\/wp-json\/wp\/v2\/pages"}],"about":[{"href":"https:\/\/maxlimpadm.com.br\/index.php\/wp-json\/wp\/v2\/types\/page"}],"author":[{"embeddable":true,"href":"https:\/\/maxlimpadm.com.br\/index.php\/wp-json\/wp\/v2\/users\/1"}],"replies":[{"embeddable":true,"href":"https:\/\/maxlimpadm.com.br\/index.php\/wp-json\/wp\/v2\/comments?post=11"}],"version-history":[{"count":1,"href":"https:\/\/maxlimpadm.com.br\/index.php\/wp-json\/wp\/v2\/pages\/11\/revisions"}],"predecessor-version":[{"id":12,"href":"https:\/\/maxlimpadm.com.br\/index.php\/wp-json\/wp\/v2\/pages\/11\/revisions\/12"}],"wp:attachment":[{"href":"https:\/\/maxlimpadm.com.br\/index.php\/wp-json\/wp\/v2\/media?parent=11"}],"curies":[{"name":"wp","href":"https:\/\/api.w.org\/{rel}","templated":true}]}}